{"id":44,"date":"2021-03-21T18:34:21","date_gmt":"2021-03-21T18:34:21","guid":{"rendered":"https:\/\/performance.webs.upv.es\/index.php\/colibri-wp\/"},"modified":"2021-03-26T17:56:35","modified_gmt":"2021-03-26T17:56:35","slug":"colibri-wp","status":"publish","type":"page","link":"https:\/\/performance.webs.upv.es\/","title":{"rendered":"PRINCIPAL"},"content":{"rendered":"<div data-colibri-id=\"44-c1\" class=\"style-193 style-local-44-c1 position-relative\">\n  <!---->\n  <div data-colibri-component=\"section\" data-colibri-id=\"44-c2\" id=\"overlappable\" class=\"h-section h-section-global-spacing d-flex align-items-lg-center align-items-md-center align-items-center style-204 style-local-44-c2 position-relative\">\n    <!---->\n    <!---->\n    <div class=\"h-section-grid-container h-section-boxed-container\">\n      <!---->\n      <div data-colibri-id=\"44-c3\" class=\"h-row-container gutters-row-lg-0 gutters-row-md-0 gutters-row-2 gutters-row-v-lg-0 gutters-row-v-md-0 gutters-row-v-2 style-205 style-local-44-c3 position-relative\">\n        <!---->\n        <div class=\"h-row justify-content-lg-center justify-content-md-center justify-content-center align-items-lg-stretch align-items-md-stretch align-items-stretch gutters-col-lg-0 gutters-col-md-0 gutters-col-2 gutters-col-v-lg-0 gutters-col-v-md-0 gutters-col-v-2\">\n          <!---->\n          <div class=\"h-column h-column-container d-flex h-col-lg-3 h-col-md-3 h-col-12 style-206-outer style-local-44-c4-outer\">\n            <div data-colibri-id=\"44-c4\" class=\"d-flex h-flex-basis h-column__inner h-px-lg-3 h-px-md-3 h-px-2 v-inner-lg-3 v-inner-md-3 v-inner-2 style-206 style-local-44-c4 position-relative\">\n              <!---->\n              <!---->\n              <div class=\"w-100 h-y-container h-column__content h-column__v-align flex-basis-100 align-self-lg-center align-self-md-center align-self-center\">\n                <!---->\n                <div data-colibri-id=\"44-c5\" class=\"h-icon style-207 style-local-44-c5 position-relative h-element\">\n                  <!----><span class=\"h-svg-icon h-icon__icon style-207-icon style-local-44-c5-icon\"><!--Icon by Font Awesome (https:\/\/fontawesome.com)--><svg version=\"1.1\" xmlns=\"http:\/\/www.w3.org\/2000\/svg\" xmlns:xlink=\"http:\/\/www.w3.org\/1999\/xlink\" id=\"suitcase\" viewBox=\"0 0 1792 1896.0833\"><path d=\"M640 384h512V256H640v128zm-352 0v1280h-64q-92 0-158-66T0 1440V608q0-92 66-158t158-66h64zm1120 0v1280H384V384h128V224q0-40 28-68t68-28h576q40 0 68 28t28 68v160h128zm384 224v832q0 92-66 158t-158 66h-64V384h64q92 0 158 66t66 158z\"><\/path><\/svg><\/span><\/div>\n                <div\n                  data-colibri-id=\"44-c6\" class=\"h-global-transition-all h-heading style-208 style-local-44-c6 position-relative h-element\">\n                  <!---->\n                  <div class=\"h-heading__outer style-208 style-local-44-c6\">\n                    <!---->\n                    <!---->\n                    <h5 class=\"\">ERASMUS<\/h5>\n                  <\/div>\n              <\/div>\n              <div data-colibri-id=\"44-c7\" class=\"h-text h-text-component style-209 style-local-44-c7 position-relative h-element\">\n                <!---->\n                <!---->\n                <div class=\"\">\n                  <p>V\u00ednculos con Universidades Extranjeras y protocolos Oficina Relaciones Internacionales-UPV<\/p>\n                <\/div>\n              <\/div>\n            <\/div>\n          <\/div>\n        <\/div>\n        <div class=\"h-column h-column-container d-flex h-col-lg-3 h-col-md-3 h-col-12 style-206-outer style-local-44-c8-outer\">\n          <div data-colibri-id=\"44-c8\" class=\"d-flex h-flex-basis h-column__inner h-px-lg-3 h-px-md-3 h-px-2 v-inner-lg-3 v-inner-md-3 v-inner-2 style-206 style-local-44-c8 position-relative\">\n            <!---->\n            <!---->\n            <div class=\"w-100 h-y-container h-column__content h-column__v-align flex-basis-100 align-self-lg-center align-self-md-center align-self-center\">\n              <!---->\n              <div data-colibri-id=\"44-c9\" class=\"h-icon style-207 style-local-44-c9 position-relative h-element\">\n                <!----><span class=\"h-svg-icon h-icon__icon style-207-icon style-local-44-c9-icon\"><!--Icon by Font Awesome (https:\/\/fontawesome.com)--><svg version=\"1.1\" xmlns=\"http:\/\/www.w3.org\/2000\/svg\" xmlns:xlink=\"http:\/\/www.w3.org\/1999\/xlink\" id=\"address-book-o\" viewBox=\"0 0 1664 1896.0833\"><path d=\"M1028 644q0 107-76.5 183T768 903t-183.5-76T508 644q0-108 76.5-184T768 384t183.5 76 76.5 184zm-48 220q46 0 82.5 17t60 47.5 39.5 67 24 81 11.5 82.5 3.5 79q0 67-39.5 118.5T1056 1408H480q-66 0-105.5-51.5T335 1238q0-48 4.5-93.5T358 1046t36.5-91.5 63-64.5 93.5-26h5q7 4 32 19.5t35.5 21 33 17 37 16 35 9T768 951t39.5-4.5 35-9 37-16 33-17 35.5-21 32-19.5zm684-256q0 13-9.5 22.5T1632 640h-96v128h96q13 0 22.5 9.5t9.5 22.5v192q0 13-9.5 22.5t-22.5 9.5h-96v128h96q13 0 22.5 9.5t9.5 22.5v192q0 13-9.5 22.5t-22.5 9.5h-96v224q0 66-47 113t-113 47H160q-66 0-113-47T0 1632V160Q0 94 47 47T160 0h1216q66 0 113 47t47 113v224h96q13 0 22.5 9.5t9.5 22.5v192zm-256 1024V160q0-13-9.5-22.5T1376 128H160q-13 0-22.5 9.5T128 160v1472q0 13 9.5 22.5t22.5 9.5h1216q13 0 22.5-9.5t9.5-22.5z\"><\/path><\/svg><\/span><\/div>\n              <div\n                data-colibri-id=\"44-c10\" class=\"h-global-transition-all h-heading style-208 style-local-44-c10 position-relative h-element\">\n                <!---->\n                <div class=\"h-heading__outer style-208 style-local-44-c10\">\n                  <!---->\n                  <!---->\n                  <h5 class=\"\">CONEXI\u00d3N\n                    <br>EXTRA-UNIVERSItARIA Y ACTIVIDAD CONTRACTUAL<\/h5>\n                <\/div>\n            <\/div>\n            <div data-colibri-id=\"44-c11\" class=\"h-text h-text-component style-209 style-local-44-c11 position-relative h-element\">\n              <!---->\n              <!---->\n              <div class=\"\">\n                <p>Creatividad Permanente y conexi\u00f3n con la comunidad de gestores, investigadores, artistas de performance locales e internacionales<\/p>\n              <\/div>\n            <\/div>\n          <\/div>\n        <\/div>\n      <\/div>\n      <div class=\"h-column h-column-container d-flex h-col-lg-3 h-col-md-3 h-col-12 style-206-outer style-local-44-c12-outer\">\n        <div data-colibri-id=\"44-c12\" class=\"d-flex h-flex-basis h-column__inner h-px-lg-3 h-px-md-3 h-px-2 v-inner-lg-3 v-inner-md-3 v-inner-2 style-206 style-local-44-c12 position-relative\">\n          <!---->\n          <!---->\n          <div class=\"w-100 h-y-container h-column__content h-column__v-align flex-basis-100 align-self-lg-center align-self-md-center align-self-center\">\n            <!---->\n            <div data-colibri-id=\"44-c13\" class=\"h-icon style-207 style-local-44-c13 position-relative h-element\">\n              <!----><span class=\"h-svg-icon h-icon__icon style-207-icon style-local-44-c13-icon\"><!--Icon by Font Awesome (https:\/\/fontawesome.com)--><svg version=\"1.1\" xmlns=\"http:\/\/www.w3.org\/2000\/svg\" xmlns:xlink=\"http:\/\/www.w3.org\/1999\/xlink\" id=\"archive\" viewBox=\"0 0 1792 1896.0833\"><path d=\"M1088 832q0-26-19-45t-45-19H768q-26 0-45 19t-19 45 19 45 45 19h256q26 0 45-19t19-45zm576-192v960q0 26-19 45t-45 19H192q-26 0-45-19t-19-45V640q0-26 19-45t45-19h1408q26 0 45 19t19 45zm64-448v256q0 26-19 45t-45 19H128q-26 0-45-19t-19-45V192q0-26 19-45t45-19h1536q26 0 45 19t19 45z\"><\/path><\/svg><\/span><\/div>\n            <div\n              data-colibri-id=\"44-c14\" class=\"h-global-transition-all h-heading style-208 style-local-44-c14 position-relative h-element\">\n              <!---->\n              <div class=\"h-heading__outer style-208 style-local-44-c14\">\n                <!---->\n                <!---->\n                <h5 class=\"\">ARCHIVO\n                  <br>PERFORMANCE<\/h5>\n              <\/div>\n          <\/div>\n          <div data-colibri-id=\"44-c15\" class=\"h-text h-text-component style-209 style-local-44-c15 position-relative h-element\">\n            <!---->\n            <!---->\n            <div class=\"\">\n              <p>Documentaci\u00f3n y registro de pr\u00e1ctica art\u00edstica (registro de archivo desde 2007-08)<\/p>\n            <\/div>\n          <\/div>\n        <\/div>\n      <\/div>\n    <\/div>\n    <div class=\"h-column h-column-container d-flex h-col-lg-3 h-col-md-3 h-col-12 style-210-outer style-local-44-c16-outer\">\n      <div data-colibri-id=\"44-c16\" class=\"d-flex h-flex-basis h-column__inner h-px-lg-3 h-px-md-3 h-px-2 v-inner-lg-3 v-inner-md-3 v-inner-2 style-210 style-local-44-c16 position-relative\">\n        <!---->\n        <!---->\n        <div class=\"w-100 h-y-container h-column__content h-column__v-align flex-basis-100 align-self-lg-center align-self-md-center align-self-center\">\n          <!---->\n          <div data-colibri-id=\"44-c17\" class=\"h-icon style-207 style-local-44-c17 position-relative h-element\">\n            <!----><span class=\"h-svg-icon h-icon__icon style-207-icon style-local-44-c17-icon\"><!--Icon by Font Awesome (https:\/\/fontawesome.com)--><svg version=\"1.1\" xmlns=\"http:\/\/www.w3.org\/2000\/svg\" xmlns:xlink=\"http:\/\/www.w3.org\/1999\/xlink\" id=\"book\" viewBox=\"0 0 1664 1896.0833\"><path d=\"M1639 478q40 57 18 129l-275 906q-19 64-76.5 107.5T1183 1664H260q-77 0-148.5-53.5T12 1479q-24-67-2-127 0-4 3-27t4-37q1-8-3-21.5t-3-19.5q2-11 8-21t16.5-23.5T52 1179q23-38 45-91.5t30-91.5q3-10 .5-30t-.5-28q3-11 17-28t17-23q21-36 42-92t25-90q1-9-2.5-32t.5-28q4-13 22-30.5t22-22.5q19-26 42.5-84.5T340 411q1-8-3-25.5t-2-26.5q2-8 9-18t18-23 17-21q8-12 16.5-30.5t15-35 16-36 19.5-32 26.5-23.5 36-11.5T556 134l-1 3q38-9 51-9h761q74 0 114 56t18 130l-274 906q-36 119-71.5 153.5T1025 1408H156q-27 0-38 15-11 16-1 43 24 70 144 70h923q29 0 56-15.5t35-41.5l300-987q7-22 5-57 38 15 59 43zm-1064 2q-4 13 2 22.5t20 9.5h608q13 0 25.5-9.5T1247 480l21-64q4-13-2-22.5t-20-9.5H638q-13 0-25.5 9.5T596 416zm-83 256q-4 13 2 22.5t20 9.5h608q13 0 25.5-9.5T1164 736l21-64q4-13-2-22.5t-20-9.5H555q-13 0-25.5 9.5T513 672z\"><\/path><\/svg><\/span><\/div>\n          <div\n            data-colibri-id=\"44-c18\" class=\"h-global-transition-all h-heading style-208 style-local-44-c18 position-relative h-element\">\n            <!---->\n            <div class=\"h-heading__outer style-208 style-local-44-c18\">\n              <!---->\n              <!---->\n              <h5 class=\"\">BIBLIOTECA\n                <br>PERFORMANCE<\/h5>\n            <\/div>\n        <\/div>\n        <div data-colibri-id=\"44-c19\" class=\"h-text h-text-component style-209 style-local-44-c19 position-relative h-element\">\n          <!---->\n          <!---->\n          <div class=\"\">\n            <p><span style=\"font-weight: 400; font-size: 16px; font-family: &quot;Open Sans&quot;; color: rgb(70, 112, 127);\">Biblioteca <\/span><span style=\"font-size: 16px; font-family: &quot;Open Sans&quot;; color: rgb(70, 112, 127);\">\u00abBartolom\u00e9 Ferrando\u00bb. Librer\u00eda de consulta y pr\u00e9stamo &nbsp;para la investigaci\u00f3n<\/span><\/p>\n          <\/div>\n        <\/div>\n      <\/div>\n    <\/div>\n  <\/div>\n<\/div>\n<\/div>\n<\/div>\n<\/div>\n<div data-colibri-component=\"section\" data-colibri-id=\"44-c20\" id=\"logos\" class=\"h-section h-section-global-spacing d-flex align-items-lg-center align-items-md-center align-items-center style-614 style-local-44-c20 position-relative\">\n  <!---->\n  <!---->\n  <div class=\"h-section-grid-container h-section-boxed-container\">\n    <!---->\n    <div data-colibri-id=\"44-c21\" class=\"h-row-container gutters-row-lg-1 gutters-row-md-1 gutters-row-3 gutters-row-v-lg-1 gutters-row-v-md-1 gutters-row-v-3 style-615 style-local-44-c21 position-relative\">\n      <!---->\n      <div class=\"h-row justify-content-lg-center justify-content-md-center justify-content-center align-items-lg-stretch align-items-md-stretch align-items-stretch gutters-col-lg-1 gutters-col-md-1 gutters-col-3 gutters-col-v-lg-1 gutters-col-v-md-1 gutters-col-v-3\">\n        <!---->\n        <div class=\"h-column h-column-container d-flex h-col-lg-2 h-col-md-2 h-col-6 style-616-outer style-local-44-c22-outer\">\n          <div data-colibri-id=\"44-c22\" class=\"d-flex h-flex-basis h-column__inner h-ui-empty-state-container h-px-lg-3 h-px-md-3 h-px-3 v-inner-lg-3 v-inner-md-3 v-inner-3 style-616 style-local-44-c22 position-relative\">\n            <!---->\n            <!---->\n            <div class=\"w-100 h-y-container h-column__content h-column__v-align flex-basis-100\">\n              <!---->\n            <\/div>\n          <\/div>\n        <\/div>\n        <div class=\"h-column h-column-container d-flex h-col-lg-2 h-col-md-2 h-col-6 style-619-outer style-local-44-c23-outer\">\n          <div data-colibri-id=\"44-c23\" class=\"d-flex h-flex-basis h-column__inner h-ui-empty-state-container h-px-lg-3 h-px-md-3 h-px-3 v-inner-lg-3 v-inner-md-3 v-inner-3 style-619 style-local-44-c23 position-relative\">\n            <!---->\n            <!---->\n            <div class=\"w-100 h-y-container h-column__content h-column__v-align flex-basis-100\">\n              <!---->\n            <\/div>\n          <\/div>\n        <\/div>\n        <div class=\"h-column h-column-container d-flex h-col-lg-2 h-col-md-2 h-col-6 style-620-outer style-local-44-c24-outer\">\n          <div data-colibri-id=\"44-c24\" class=\"d-flex h-flex-basis h-column__inner h-ui-empty-state-container h-px-lg-3 h-px-md-3 h-px-3 v-inner-lg-3 v-inner-md-3 v-inner-3 style-620 style-local-44-c24 position-relative\">\n            <!---->\n            <!---->\n            <div class=\"w-100 h-y-container h-column__content h-column__v-align flex-basis-100\">\n              <!---->\n            <\/div>\n          <\/div>\n        <\/div>\n        <div class=\"h-column h-column-container d-flex h-col-lg-2 h-col-md-2 h-col-6 style-625-outer style-local-44-c25-outer\">\n          <div data-colibri-id=\"44-c25\" class=\"d-flex h-flex-basis h-column__inner h-ui-empty-state-container h-px-lg-3 h-px-md-3 h-px-3 v-inner-lg-3 v-inner-md-3 v-inner-3 style-625 style-local-44-c25 position-relative\">\n            <!---->\n            <!---->\n            <div class=\"w-100 h-y-container h-column__content h-column__v-align flex-basis-100\">\n              <!---->\n            <\/div>\n          <\/div>\n        <\/div>\n        <div class=\"h-column h-column-container d-flex h-col-lg-2 h-col-md-2 h-col-6 style-626-outer style-local-44-c26-outer\">\n          <div data-colibri-id=\"44-c26\" class=\"d-flex h-flex-basis h-column__inner h-ui-empty-state-container h-px-lg-0 h-px-md-0 h-px-0 v-inner-lg-0 v-inner-md-0 v-inner-0 style-626 style-local-44-c26 position-relative\">\n            <!---->\n            <!---->\n            <div class=\"w-100 h-y-container h-column__content h-column__v-align flex-basis-100\">\n              <!---->\n            <\/div>\n          <\/div>\n        <\/div>\n        <div class=\"h-column h-column-container d-flex h-col-lg-2 h-col-md-2 h-col-6 style-627-outer style-local-44-c27-outer\">\n          <div data-colibri-id=\"44-c27\" class=\"d-flex h-flex-basis h-column__inner h-ui-empty-state-container h-px-lg-0 h-px-md-0 h-px-0 v-inner-lg-0 v-inner-md-0 v-inner-0 style-627 style-local-44-c27 position-relative\">\n            <!---->\n            <!---->\n            <div class=\"w-100 h-y-container h-column__content h-column__v-align flex-basis-100\">\n              <!---->\n            <\/div>\n          <\/div>\n        <\/div>\n      <\/div>\n    <\/div>\n  <\/div>\n<\/div>\n<div data-colibri-component=\"section\" data-colibri-id=\"44-c32\" id=\"creditos-de-pagina\" class=\"h-section h-section-global-spacing d-flex align-items-lg-center align-items-md-center align-items-center style-601 style-local-44-c32 position-relative\">\n  <!---->\n  <!---->\n  <div class=\"h-section-grid-container h-section-boxed-container\">\n    <!---->\n    <div data-colibri-id=\"44-c33\" class=\"h-row-container gutters-row-lg-2 gutters-row-md-2 gutters-row-2 gutters-row-v-lg-2 gutters-row-v-md-2 gutters-row-v-2 style-602 style-local-44-c33 position-relative\">\n      <!---->\n      <div class=\"h-row justify-content-lg-center justify-content-md-center justify-content-center align-items-lg-stretch align-items-md-stretch align-items-stretch gutters-col-lg-2 gutters-col-md-2 gutters-col-2 gutters-col-v-lg-2 gutters-col-v-md-2 gutters-col-v-2\">\n        <!---->\n        <div class=\"h-column h-column-container d-flex h-col-lg-12 h-col-md-12 h-col-12 style-603-outer style-local-44-c34-outer\">\n          <div data-colibri-id=\"44-c34\" class=\"d-flex h-flex-basis h-column__inner h-px-lg-2 h-px-md-2 h-px-2 v-inner-lg-2 v-inner-md-2 v-inner-2 style-603 style-local-44-c34 position-relative\">\n            <!---->\n            <!---->\n            <div class=\"w-100 h-y-container h-column__content h-column__v-align flex-basis-100 align-self-lg-center align-self-md-center align-self-center\">\n              <!---->\n              <div data-colibri-id=\"44-c35\" class=\"h-text h-text-component style-606 style-local-44-c35 position-relative h-element\">\n                <!---->\n                <!---->\n                <div class=\"\">\n                  <p>\u24d2<span style=\"color: rgba(255, 255, 255, 0.8); font-family: &quot;Open Sans&quot;; font-size: 12px;\">\u24d2 de la p\u00e1gina |&nbsp;<\/span><span style=\"color: rgb(70, 112, 127); font-family: &quot;Open Sans&quot;; font-size: 12px;\">&nbsp;<\/span>Textos\n                    e imagen: \u00c1.T. | Acci\u00f3n: Fredrik C. Robens.<\/p>\n                <\/div>\n              <\/div>\n            <\/div>\n          <\/div>\n        <\/div>\n      <\/div>\n    <\/div>\n  <\/div>\n<\/div>\n<\/div>","protected":false},"excerpt":{"rendered":"<p>ERASMUS V\u00ednculos con Universidades Extranjeras y protocolos Oficina Relaciones Internacionales-UPV CONEXI\u00d3N EXTRA-UNIVERSItARIA Y ACTIVIDAD CONTRACTUAL Creatividad Permanente y conexi\u00f3n con la comunidad de gestores, investigadores, artistas de performance locales e internacionales ARCHIVO PERFORMANCE Documentaci\u00f3n y registro de pr\u00e1ctica art\u00edstica (registro de archivo desde 2007-08) BIBLIOTECA PERFORMANCE Biblioteca \u00abBartolom\u00e9 Ferrando\u00bb. Librer\u00eda de consulta y pr\u00e9stamo &nbsp;para [&hellip;]<\/p>\n","protected":false},"author":1,"featured_media":0,"parent":0,"menu_order":0,"comment_status":"closed","ping_status":"closed","template":"page-templates\/homepage.php","meta":{"footnotes":""},"class_list":["post-44","page","type-page","status-publish","hentry"],"_links":{"self":[{"href":"https:\/\/performance.webs.upv.es\/index.php\/wp-json\/wp\/v2\/pages\/44","targetHints":{"allow":["GET"]}}],"collection":[{"href":"https:\/\/performance.webs.upv.es\/index.php\/wp-json\/wp\/v2\/pages"}],"about":[{"href":"https:\/\/performance.webs.upv.es\/index.php\/wp-json\/wp\/v2\/types\/page"}],"author":[{"embeddable":true,"href":"https:\/\/performance.webs.upv.es\/index.php\/wp-json\/wp\/v2\/users\/1"}],"replies":[{"embeddable":true,"href":"https:\/\/performance.webs.upv.es\/index.php\/wp-json\/wp\/v2\/comments?post=44"}],"version-history":[{"count":20,"href":"https:\/\/performance.webs.upv.es\/index.php\/wp-json\/wp\/v2\/pages\/44\/revisions"}],"predecessor-version":[{"id":2102,"href":"https:\/\/performance.webs.upv.es\/index.php\/wp-json\/wp\/v2\/pages\/44\/revisions\/2102"}],"wp:attachment":[{"href":"https:\/\/performance.webs.upv.es\/index.php\/wp-json\/wp\/v2\/media?parent=44"}],"curies":[{"name":"wp","href":"https:\/\/api.w.org\/{rel}","templated":true}]}}